{"id":15065,"date":"2025-12-16T15:04:01","date_gmt":"2025-12-16T12:04:01","guid":{"rendered":"https:\/\/hakellertemizlik.com\/?page_id=15065"},"modified":"2025-12-17T22:48:47","modified_gmt":"2025-12-17T19:48:47","slug":"insaat-sonrasi-temizlik","status":"publish","type":"page","link":"https:\/\/hakellertemizlik.com\/index.php\/insaat-sonrasi-temizlik\/","title":{"rendered":"\u0130n\u015faat Sonras\u0131 Temizlik"},"content":{"rendered":"\t\t<div data-elementor-type=\"wp-page\" data-elementor-id=\"15065\" class=\"elementor elementor-15065\">\n\t\t\t\t<div class=\"no-position  elementor-element elementor-element-c5a12b5 e-con-full e-flex e-con e-parent\" data-id=\"c5a12b5\" data-element_type=\"container\" data-e-type=\"container\" data-settings=\"{&quot;background_background&quot;:&quot;classic&quot;}\">\n\t\t<div class=\"no-position  elementor-element elementor-element-e385ea5 e-con-full e-flex e-con e-child\" data-id=\"e385ea5\" data-element_type=\"container\" data-e-type=\"container\" data-settings=\"{&quot;background_background&quot;:&quot;classic&quot;}\">\n\t\t<div class=\"no-position  elementor-element elementor-element-1243853 e-con-full e-flex e-con e-child\" data-id=\"1243853\" data-element_type=\"container\" data-e-type=\"container\">\n\t\t\t\t<div class=\"elementor-element elementor-element-19a4bd9 gsap-move-no rs-tween_max_btn-no elementor-widget elementor-widget-rs-heading\" data-id=\"19a4bd9\" data-element_type=\"widget\" data-e-type=\"widget\" data-widget_type=\"rs-heading.default\">\n\t\t\t\t<div class=\"elementor-widget-container\">\n\t\t\t\t\t\n\t\t<div class=\"prelements-heading style1   animate- \">\n\t\t\t<div class=\"title-inner\">\n\t\t\t\t<h1 class=\"title rs-split-text-enable split-in-left\" data-split-type=\"default\" data-duration=\"0.8\" data-delay=\"0.02\">Hakeller Temizlik Hakk\u0131m\u0131zda<\/h1>\n\t\t\t<\/div>\n\t\t\t\t\t<\/div>\n\t\t\t\t<\/div>\n\t\t\t\t<\/div>\n\t\t\t\t<div class=\"elementor-element elementor-element-117cea4 gsap-move-no rs-tween_max_btn-no elementor-widget elementor-widget-rs-breadcrumb\" data-id=\"117cea4\" data-element_type=\"widget\" data-e-type=\"widget\" data-widget_type=\"rs-breadcrumb.default\">\n\t\t\t\t<div class=\"elementor-widget-container\">\n\t\t\t\t\t                    <div class=\"breadcrumb-area style3\"> \n                <div class=\"breadcrumbs-inner\"> \n                    <span property=\"itemListElement\" typeof=\"ListItem\"><a property=\"item\" typeof=\"WebPage\" title=\"Go to Hakeller Temizlik.\" href=\"https:\/\/hakellertemizlik.com\" class=\"home\" aria-current=\"page\"><span property=\"name\">Hakeller Temizlik<\/span><\/a><meta property=\"position\" content=\"1\"><\/span>                <\/div>\n            <\/div> \n          \n    \t\t\t\t<\/div>\n\t\t\t\t<\/div>\n\t\t\t\t<\/div>\n\t\t<div class=\"no-position  elementor-element elementor-element-e4e2d3d e-con-full e-flex e-con e-child\" data-id=\"e4e2d3d\" data-element_type=\"container\" data-e-type=\"container\">\n\t\t\t\t<div class=\"elementor-element elementor-element-195d73a gsap-move-no rs-tween_max_btn-no elementor-widget elementor-widget-rs-image\" data-id=\"195d73a\" data-element_type=\"widget\" data-e-type=\"widget\" data-widget_type=\"rs-image.default\">\n\t\t\t\t<div class=\"elementor-widget-container\">\n\t\t\t\t\t\n        <div class=\"rs-image no ruler_image_no ruler_position_  \">\n                                                                                <div class=\"prallax-parent\">\n                            <img decoding=\"async\" data-depth=\"0.7\" class=\"rs-multi-image  reverse- blend_unset\" src=\"https:\/\/hakellertemizlik.com\/wp-content\/uploads\/2025\/12\/Mask-group1.png\" alt=\"Mask-group1\"\/>\n                        <\/div>\n\n                                    <\/div>   \n                    <script> \n                jQuery(document).ready(function($){\n                    $(\".prallax-parent\").each(function() {\n                        var prallaxParent = $(this).get(0);\n                        var parallaxInstance = new Parallax(prallaxParent);\n                    });\n                });\n            <\/script>\n          \n    \t\t\t\t<\/div>\n\t\t\t\t<\/div>\n\t\t\t\t<\/div>\n\t\t\t\t<\/div>\n\t\t\t\t<\/div>\n\t\t<div class=\"no-position  elementor-element elementor-element-e6ddaca e-flex e-con-boxed e-con e-parent\" data-id=\"e6ddaca\" data-element_type=\"container\" data-e-type=\"container\" data-settings=\"{&quot;background_background&quot;:&quot;classic&quot;}\">\n\t\t\t\t\t<div class=\"e-con-inner\">\n\t\t<div class=\"no-position  elementor-element elementor-element-2d7d0e2 e-con-full e-flex e-con e-child\" data-id=\"2d7d0e2\" data-element_type=\"container\" data-e-type=\"container\" data-settings=\"{&quot;background_background&quot;:&quot;classic&quot;}\">\n\t\t<div class=\"no-position  elementor-element elementor-element-c576e81 e-flex e-con-boxed e-con e-child\" data-id=\"c576e81\" data-element_type=\"container\" data-e-type=\"container\">\n\t\t\t\t\t<div class=\"e-con-inner\">\n\t\t<div class=\"no-position  elementor-element elementor-element-91c908f e-con-full e-flex e-con e-child\" data-id=\"91c908f\" data-element_type=\"container\" data-e-type=\"container\">\n\t\t\t\t<div class=\"elementor-element elementor-element-feaf3b5 gsap-move-no rs-tween_max_btn-no elementor-widget elementor-widget-rs-heading\" data-id=\"feaf3b5\" data-element_type=\"widget\" data-e-type=\"widget\" data-widget_type=\"rs-heading.default\">\n\t\t\t\t<div class=\"elementor-widget-container\">\n\t\t\t\t\t\n\t\t<div class=\"prelements-heading default   animate- \">\n\t\t\t<div class=\"title-inner\">\n\t\t\t\t<h2 class=\"title rs-split-text-enable split-in-left\" data-split-type=\"default\" data-duration=\"0.8\" data-delay=\"0.02\">\u0130n\u015faat Sonras\u0131 Temizlik Hizmeti<\/h2>\n\t\t\t<\/div>\n\t\t\t\t\t\t\t<div class=\"description\">\n\t\t\t\t\t<p>Hakeller Temizlik, yeni tamamlanan veya tadilattan \u00e7\u0131kan alanlar i\u00e7in profesyonel in\u015faat sonras\u0131 temizlik hizmetleri sunmaktad\u0131r. <br \/>Daire, villa, ofis, ma\u011faza, fabrika ve ticari alanlarda olu\u015fan ince in\u015faat tozu, moloz kal\u0131nt\u0131lar\u0131,<br \/>boya ve har\u00e7 lekeleri uzman ekiplerimiz taraf\u0131ndan detayl\u0131 \u015fekilde temizlenir.<\/p><p>\u0130n\u015faat sonras\u0131 olu\u015fan kal\u0131nt\u0131lar, s\u0131radan temizlik y\u00f6ntemleriyle giderilemez. Hakeller Temizlik,<br \/>y\u00fczeye zarar vermeyen \u00f6zel temizlik kimyasallar\u0131, end\u00fcstriyel makineler ve<br \/>profesyonel ekipmanlar kullanarak alanlar\u0131 kullan\u0131ma haz\u0131r hale getirir.<\/p>\t\t\t\t<\/div>\n\t\t\t\t\t<\/div>\n\t\t\t\t<\/div>\n\t\t\t\t<\/div>\n\t\t\t\t<\/div>\n\t\t<div class=\"no-position  elementor-element elementor-element-322042b e-con-full e-flex e-con e-child\" data-id=\"322042b\" data-element_type=\"container\" data-e-type=\"container\">\n\t\t\t\t<div class=\"elementor-element elementor-element-28a809c elementor-icon-list--layout-traditional elementor-list-item-link-full_width gsap-move-no rs-tween_max_btn-no elementor-widget elementor-widget-icon-list\" data-id=\"28a809c\" data-element_type=\"widget\" data-e-type=\"widget\" data-widget_type=\"icon-list.default\">\n\t\t\t\t\t\t\t<ul class=\"elementor-icon-list-items\">\n\t\t\t\t\t\t\t<li class=\"elementor-icon-list-item\">\n\t\t\t\t\t\t\t\t\t\t\t<span class=\"elementor-icon-list-icon\">\n\t\t\t\t\t\t\t<svg xmlns=\"http:\/\/www.w3.org\/2000\/svg\" width=\"20\" height=\"21\" viewBox=\"0 0 20 21\" fill=\"none\"><path d=\"M20 10.9727C20 16.4955 15.5228 20.9727 10 20.9727C4.47715 20.9727 0 16.4955 0 10.9727C0 5.44981 4.47715 0.972656 10 0.972656C15.5228 0.972656 20 5.44981 20 10.9727Z\" fill=\"#FFEFEF\"><\/path><path d=\"M14.2656 7.95703C14.5703 8.23828 14.5703 8.73047 14.2656 9.01172L8.26562 15.0117C7.98438 15.3164 7.49219 15.3164 7.21094 15.0117L4.21094 12.0117C3.90625 11.7305 3.90625 11.2383 4.21094 10.957C4.49219 10.6523 4.98438 10.6523 5.26562 10.957L7.72656 13.418L13.2109 7.95703C13.4922 7.65234 13.9844 7.65234 14.2656 7.95703Z\" fill=\"#F84D57\"><\/path><\/svg>\t\t\t\t\t\t<\/span>\n\t\t\t\t\t\t\t\t\t\t<span class=\"elementor-icon-list-text\">Profesyonel Temizlik<\/span>\n\t\t\t\t\t\t\t\t\t<\/li>\n\t\t\t\t\t\t\t\t<li class=\"elementor-icon-list-item\">\n\t\t\t\t\t\t\t\t\t\t\t<span class=\"elementor-icon-list-icon\">\n\t\t\t\t\t\t\t<svg xmlns=\"http:\/\/www.w3.org\/2000\/svg\" width=\"20\" height=\"21\" viewBox=\"0 0 20 21\" fill=\"none\"><path d=\"M20 10.9727C20 16.4955 15.5228 20.9727 10 20.9727C4.47715 20.9727 0 16.4955 0 10.9727C0 5.44981 4.47715 0.972656 10 0.972656C15.5228 0.972656 20 5.44981 20 10.9727Z\" fill=\"#FFEFEF\"><\/path><path d=\"M14.2656 7.95703C14.5703 8.23828 14.5703 8.73047 14.2656 9.01172L8.26562 15.0117C7.98438 15.3164 7.49219 15.3164 7.21094 15.0117L4.21094 12.0117C3.90625 11.7305 3.90625 11.2383 4.21094 10.957C4.49219 10.6523 4.98438 10.6523 5.26562 10.957L7.72656 13.418L13.2109 7.95703C13.4922 7.65234 13.9844 7.65234 14.2656 7.95703Z\" fill=\"#F84D57\"><\/path><\/svg>\t\t\t\t\t\t<\/span>\n\t\t\t\t\t\t\t\t\t\t<span class=\"elementor-icon-list-text\">Deneyimli Kadro<\/span>\n\t\t\t\t\t\t\t\t\t<\/li>\n\t\t\t\t\t\t\t\t<li class=\"elementor-icon-list-item\">\n\t\t\t\t\t\t\t\t\t\t\t<span class=\"elementor-icon-list-icon\">\n\t\t\t\t\t\t\t<svg xmlns=\"http:\/\/www.w3.org\/2000\/svg\" width=\"20\" height=\"21\" viewBox=\"0 0 20 21\" fill=\"none\"><path d=\"M20 10.9727C20 16.4955 15.5228 20.9727 10 20.9727C4.47715 20.9727 0 16.4955 0 10.9727C0 5.44981 4.47715 0.972656 10 0.972656C15.5228 0.972656 20 5.44981 20 10.9727Z\" fill=\"#FFEFEF\"><\/path><path d=\"M14.2656 7.95703C14.5703 8.23828 14.5703 8.73047 14.2656 9.01172L8.26562 15.0117C7.98438 15.3164 7.49219 15.3164 7.21094 15.0117L4.21094 12.0117C3.90625 11.7305 3.90625 11.2383 4.21094 10.957C4.49219 10.6523 4.98438 10.6523 5.26562 10.957L7.72656 13.418L13.2109 7.95703C13.4922 7.65234 13.9844 7.65234 14.2656 7.95703Z\" fill=\"#F84D57\"><\/path><\/svg>\t\t\t\t\t\t<\/span>\n\t\t\t\t\t\t\t\t\t\t<span class=\"elementor-icon-list-text\">Uygun Fiyat Garantisi<\/span>\n\t\t\t\t\t\t\t\t\t<\/li>\n\t\t\t\t\t\t<\/ul>\n\t\t\t\t\t\t<\/div>\n\t\t\t\t<div class=\"elementor-element elementor-element-7f2c58c elementor-icon-list--layout-traditional elementor-list-item-link-full_width gsap-move-no rs-tween_max_btn-no elementor-widget elementor-widget-icon-list\" data-id=\"7f2c58c\" data-element_type=\"widget\" data-e-type=\"widget\" data-widget_type=\"icon-list.default\">\n\t\t\t\t\t\t\t<ul class=\"elementor-icon-list-items\">\n\t\t\t\t\t\t\t<li class=\"elementor-icon-list-item\">\n\t\t\t\t\t\t\t\t\t\t\t<span class=\"elementor-icon-list-icon\">\n\t\t\t\t\t\t\t<svg xmlns=\"http:\/\/www.w3.org\/2000\/svg\" width=\"20\" height=\"21\" viewBox=\"0 0 20 21\" fill=\"none\"><path d=\"M20 10.9727C20 16.4955 15.5228 20.9727 10 20.9727C4.47715 20.9727 0 16.4955 0 10.9727C0 5.44981 4.47715 0.972656 10 0.972656C15.5228 0.972656 20 5.44981 20 10.9727Z\" fill=\"#FFEFEF\"><\/path><path d=\"M14.2656 7.95703C14.5703 8.23828 14.5703 8.73047 14.2656 9.01172L8.26562 15.0117C7.98438 15.3164 7.49219 15.3164 7.21094 15.0117L4.21094 12.0117C3.90625 11.7305 3.90625 11.2383 4.21094 10.957C4.49219 10.6523 4.98438 10.6523 5.26562 10.957L7.72656 13.418L13.2109 7.95703C13.4922 7.65234 13.9844 7.65234 14.2656 7.95703Z\" fill=\"#F84D57\"><\/path><\/svg>\t\t\t\t\t\t<\/span>\n\t\t\t\t\t\t\t\t\t\t<span class=\"elementor-icon-list-text\">H\u0131zl\u0131 ve Titiz \u00c7al\u0131\u015fma<\/span>\n\t\t\t\t\t\t\t\t\t<\/li>\n\t\t\t\t\t\t\t\t<li class=\"elementor-icon-list-item\">\n\t\t\t\t\t\t\t\t\t\t\t<span class=\"elementor-icon-list-icon\">\n\t\t\t\t\t\t\t<svg xmlns=\"http:\/\/www.w3.org\/2000\/svg\" width=\"20\" height=\"21\" viewBox=\"0 0 20 21\" fill=\"none\"><path d=\"M20 10.9727C20 16.4955 15.5228 20.9727 10 20.9727C4.47715 20.9727 0 16.4955 0 10.9727C0 5.44981 4.47715 0.972656 10 0.972656C15.5228 0.972656 20 5.44981 20 10.9727Z\" fill=\"#FFEFEF\"><\/path><path d=\"M14.2656 7.95703C14.5703 8.23828 14.5703 8.73047 14.2656 9.01172L8.26562 15.0117C7.98438 15.3164 7.49219 15.3164 7.21094 15.0117L4.21094 12.0117C3.90625 11.7305 3.90625 11.2383 4.21094 10.957C4.49219 10.6523 4.98438 10.6523 5.26562 10.957L7.72656 13.418L13.2109 7.95703C13.4922 7.65234 13.9844 7.65234 14.2656 7.95703Z\" fill=\"#F84D57\"><\/path><\/svg>\t\t\t\t\t\t<\/span>\n\t\t\t\t\t\t\t\t\t\t<span class=\"elementor-icon-list-text\">M\u00fc\u015fteri Memnuniyeti<\/span>\n\t\t\t\t\t\t\t\t\t<\/li>\n\t\t\t\t\t\t\t\t<li class=\"elementor-icon-list-item\">\n\t\t\t\t\t\t\t\t\t\t\t<span class=\"elementor-icon-list-icon\">\n\t\t\t\t\t\t\t<svg xmlns=\"http:\/\/www.w3.org\/2000\/svg\" width=\"20\" height=\"21\" viewBox=\"0 0 20 21\" fill=\"none\"><path d=\"M20 10.9727C20 16.4955 15.5228 20.9727 10 20.9727C4.47715 20.9727 0 16.4955 0 10.9727C0 5.44981 4.47715 0.972656 10 0.972656C15.5228 0.972656 20 5.44981 20 10.9727Z\" fill=\"#FFEFEF\"><\/path><path d=\"M14.2656 7.95703C14.5703 8.23828 14.5703 8.73047 14.2656 9.01172L8.26562 15.0117C7.98438 15.3164 7.49219 15.3164 7.21094 15.0117L4.21094 12.0117C3.90625 11.7305 3.90625 11.2383 4.21094 10.957C4.49219 10.6523 4.98438 10.6523 5.26562 10.957L7.72656 13.418L13.2109 7.95703C13.4922 7.65234 13.9844 7.65234 14.2656 7.95703Z\" fill=\"#F84D57\"><\/path><\/svg>\t\t\t\t\t\t<\/span>\n\t\t\t\t\t\t\t\t\t\t<span class=\"elementor-icon-list-text\">Kolay Rezervasyon<\/span>\n\t\t\t\t\t\t\t\t\t<\/li>\n\t\t\t\t\t\t<\/ul>\n\t\t\t\t\t\t<\/div>\n\t\t\t\t<\/div>\n\t\t\t\t\t<\/div>\n\t\t\t\t<\/div>\n\t\t<div class=\"no-position  elementor-element elementor-element-27764ee e-flex e-con-boxed e-con e-child\" data-id=\"27764ee\" data-element_type=\"container\" data-e-type=\"container\">\n\t\t\t\t\t<div class=\"e-con-inner\">\n\t\t<div class=\"no-position  elementor-element elementor-element-18a1da8 e-con-full e-flex e-con e-child\" data-id=\"18a1da8\" data-element_type=\"container\" data-e-type=\"container\">\n\t\t\t\t<div class=\"elementor-element elementor-element-b6b3471 gsap-move-no rs-tween_max_btn-no elementor-widget elementor-widget-rs-image\" data-id=\"b6b3471\" data-element_type=\"widget\" data-e-type=\"widget\" data-widget_type=\"rs-image.default\">\n\t\t\t\t<div class=\"elementor-widget-container\">\n\t\t\t\t\t\n        <div class=\"rs-image no ruler_image_no ruler_position_  \">\n                                                            <img decoding=\"async\" class=\"rs-multi-image  reverse- blend_unset\" src=\"https:\/\/hakellertemizlik.com\/wp-content\/uploads\/2025\/12\/4647.jpg\" alt=\"4647\"\/>\n                                                                        <\/div>   \n          \n    \t\t\t\t<\/div>\n\t\t\t\t<\/div>\n\t\t\t\t<\/div>\n\t\t<div class=\"no-position  elementor-element elementor-element-7269a3b e-con-full e-flex e-con e-child\" data-id=\"7269a3b\" data-element_type=\"container\" data-e-type=\"container\">\n\t\t\t\t<div class=\"elementor-element elementor-element-267461c gsap-move-no rs-tween_max_btn-no elementor-widget elementor-widget-rs-image\" data-id=\"267461c\" data-element_type=\"widget\" data-e-type=\"widget\" data-widget_type=\"rs-image.default\">\n\t\t\t\t<div class=\"elementor-widget-container\">\n\t\t\t\t\t\n        <div class=\"rs-image no ruler_image_no ruler_position_  \">\n                                                            <img decoding=\"async\" class=\"rs-multi-image  reverse- blend_unset\" src=\"https:\/\/hakellertemizlik.com\/wp-content\/uploads\/2025\/12\/5647.jpg\" alt=\"5647\"\/>\n                                                                        <\/div>   \n          \n    \t\t\t\t<\/div>\n\t\t\t\t<\/div>\n\t\t\t\t<\/div>\n\t\t<div class=\"no-position  elementor-element elementor-element-25b374e e-con-full e-flex e-con e-child\" data-id=\"25b374e\" data-element_type=\"container\" data-e-type=\"container\">\n\t\t\t\t<div class=\"elementor-element elementor-element-74da32e gsap-move-no rs-tween_max_btn-no elementor-widget elementor-widget-rs-image\" data-id=\"74da32e\" data-element_type=\"widget\" data-e-type=\"widget\" data-widget_type=\"rs-image.default\">\n\t\t\t\t<div class=\"elementor-widget-container\">\n\t\t\t\t\t\n        <div class=\"rs-image no ruler_image_no ruler_position_  \">\n                                                            <img decoding=\"async\" class=\"rs-multi-image  reverse- blend_unset\" src=\"https:\/\/hakellertemizlik.com\/wp-content\/uploads\/2025\/12\/567588.jpg\" alt=\"567588\"\/>\n                                                                        <\/div>   \n          \n    \t\t\t\t<\/div>\n\t\t\t\t<\/div>\n\t\t\t\t<\/div>\n\t\t\t\t\t<\/div>\n\t\t\t\t<\/div>\n\t\t<div class=\"no-position  elementor-element elementor-element-ec8d7b7 e-flex e-con-boxed e-con e-child\" data-id=\"ec8d7b7\" data-element_type=\"container\" data-e-type=\"container\">\n\t\t\t\t\t<div class=\"e-con-inner\">\n\t\t\t\t<div class=\"elementor-element elementor-element-b9c4784 elementor-widget__width-inherit gsap-move-no rs-tween_max_btn-no elementor-widget elementor-widget-rs-heading\" data-id=\"b9c4784\" data-element_type=\"widget\" data-e-type=\"widget\" data-widget_type=\"rs-heading.default\">\n\t\t\t\t<div class=\"elementor-widget-container\">\n\t\t\t\t\t\n\t\t<div class=\"prelements-heading default   animate- \">\n\t\t\t<div class=\"title-inner\">\n\t\t\t\t\t\t\t\t\t<span class=\"sub-text \">\n\t\t\t\t\t\t\u0130n\u015faat Sonras\u0131 Temizlik Kapsam\u0131nda Sunulan Hizmetler\t\t\t\t\t<\/span>\n\t\t\t\t\n\t\t\t<\/div>\n\t\t\t\t\t\t\t<div class=\"description\">\n\t\t\t\t\t<p><span style=\"color: #003366\">\u2714\ufe0f<\/span> \u0130nce in\u015faat tozu ve kal\u0131nt\u0131lar\u0131n temizlenmesi<\/p><p>\u2714\ufe0f Cam, \u00e7er\u00e7eve ve pencere temizli\u011fi<\/p><p>\u2714\ufe0f Zemin temizli\u011fi (seramik, parke, mermer vb.)<\/p><p>\u2714\ufe0f Boya, al\u00e7\u0131, silikon ve har\u00e7 lekelerinin giderilmesi<\/p><p>\u2714\ufe0f Banyo, mutfak ve ortak alanlar\u0131n detayl\u0131 temizli\u011fi<\/p><p>\u2714\ufe0f Daire, ofis ve ticari alanlara \u00f6zel temizlik \u00e7\u00f6z\u00fcmleri<\/p><p>\u00a0<\/p><p>Temizlik s\u00fcreci, mek\u00e2n\u0131n durumuna g\u00f6re planl\u0131 ve a\u015famal\u0131 olarak ger\u00e7ekle\u015ftirilir. Deneyimli personelimiz, i\u015f sa\u011fl\u0131\u011f\u0131 ve g\u00fcvenli\u011fi kurallar\u0131na uygun \u015fekilde \u00e7al\u0131\u015farak h\u0131zl\u0131 ve etkili sonu\u00e7 sa\u011flar.<\/p><p>G\u00fcvenilir in\u015faat sonras\u0131 temizlik firmas\u0131 arayanlar i\u00e7in Hakeller Temizlik, kaliteli hizmet anlay\u0131\u015f\u0131 ve titiz \u00e7al\u0131\u015fmas\u0131yla do\u011fru tercihtir. \u0130n\u015faattan \u00e7\u0131kan alanlar\u0131n\u0131z\u0131 tertemiz ve sorunsuz \u015fekilde teslim almak i\u00e7in bizimle ileti\u015fime ge\u00e7ebilirsiniz.<\/p>\t\t\t\t<\/div>\n\t\t\t\t\t<\/div>\n\t\t\t\t<\/div>\n\t\t\t\t<\/div>\n\t\t\t\t\t<\/div>\n\t\t\t\t<\/div>\n\t\t\t\t<\/div>\n\t\t\t\t\t<\/div>\n\t\t\t\t<\/div>\n\t\t\t\t<\/div>\n\t\t","protected":false},"excerpt":{"rendered":"<p>Hakeller Temizlik Hakk\u0131m\u0131zda Hakeller Temizlik \u0130n\u015faat Sonras\u0131 Temizlik Hizmeti Hakeller Temizlik, yeni tamamlanan veya tadilattan \u00e7\u0131kan alanlar i\u00e7in profesyonel in\u015faat sonras\u0131 temizlik hizmetleri sunmaktad\u0131r. Daire, villa, ofis, ma\u011faza, fabrika ve ticari alanlarda olu\u015fan ince in\u015faat tozu, moloz kal\u0131nt\u0131lar\u0131,boya ve har\u00e7 lekeleri uzman ekiplerimiz taraf\u0131ndan detayl\u0131 \u015fekilde temizlenir. \u0130n\u015faat sonras\u0131 olu\u015fan kal\u0131nt\u0131lar, s\u0131radan temizlik y\u00f6ntemleriyle giderilemez&#8230;.<\/p>\n","protected":false},"author":1,"featured_media":0,"parent":0,"menu_order":0,"comment_status":"closed","ping_status":"closed","template":"elementor_header_footer","meta":{"footnotes":""},"class_list":["post-15065","page","type-page","status-publish","hentry"],"_links":{"self":[{"href":"https:\/\/hakellertemizlik.com\/index.php\/wp-json\/wp\/v2\/pages\/15065","targetHints":{"allow":["GET"]}}],"collection":[{"href":"https:\/\/hakellertemizlik.com\/index.php\/wp-json\/wp\/v2\/pages"}],"about":[{"href":"https:\/\/hakellertemizlik.com\/index.php\/wp-json\/wp\/v2\/types\/page"}],"author":[{"embeddable":true,"href":"https:\/\/hakellertemizlik.com\/index.php\/wp-json\/wp\/v2\/users\/1"}],"replies":[{"embeddable":true,"href":"https:\/\/hakellertemizlik.com\/index.php\/wp-json\/wp\/v2\/comments?post=15065"}],"version-history":[{"count":22,"href":"https:\/\/hakellertemizlik.com\/index.php\/wp-json\/wp\/v2\/pages\/15065\/revisions"}],"predecessor-version":[{"id":15207,"href":"https:\/\/hakellertemizlik.com\/index.php\/wp-json\/wp\/v2\/pages\/15065\/revisions\/15207"}],"wp:attachment":[{"href":"https:\/\/hakellertemizlik.com\/index.php\/wp-json\/wp\/v2\/media?parent=15065"}],"curies":[{"name":"wp","href":"https:\/\/api.w.org\/{rel}","templated":true}]}}