{"id":15089,"date":"2025-12-16T15:28:10","date_gmt":"2025-12-16T12:28:10","guid":{"rendered":"https:\/\/hakellertemizlik.com\/?page_id=15089"},"modified":"2025-12-17T22:55:36","modified_gmt":"2025-12-17T19:55:36","slug":"fabrika-temizligi","status":"publish","type":"page","link":"https:\/\/hakellertemizlik.com\/index.php\/fabrika-temizligi\/","title":{"rendered":"Fabrika Temizli\u011fi"},"content":{"rendered":"\t\t<div data-elementor-type=\"wp-page\" data-elementor-id=\"15089\" class=\"elementor elementor-15089\">\n\t\t\t\t<div class=\"no-position  elementor-element elementor-element-c5a12b5 e-con-full e-flex e-con e-parent\" data-id=\"c5a12b5\" data-element_type=\"container\" data-e-type=\"container\" data-settings=\"{&quot;background_background&quot;:&quot;classic&quot;}\">\n\t\t<div class=\"no-position  elementor-element elementor-element-e385ea5 e-con-full e-flex e-con e-child\" data-id=\"e385ea5\" data-element_type=\"container\" data-e-type=\"container\" data-settings=\"{&quot;background_background&quot;:&quot;classic&quot;}\">\n\t\t<div class=\"no-position  elementor-element elementor-element-1243853 e-con-full e-flex e-con e-child\" data-id=\"1243853\" data-element_type=\"container\" data-e-type=\"container\">\n\t\t\t\t<div class=\"elementor-element elementor-element-19a4bd9 gsap-move-no rs-tween_max_btn-no elementor-widget elementor-widget-rs-heading\" data-id=\"19a4bd9\" data-element_type=\"widget\" data-e-type=\"widget\" data-widget_type=\"rs-heading.default\">\n\t\t\t\t<div class=\"elementor-widget-container\">\n\t\t\t\t\t\n\t\t<div class=\"prelements-heading style1   animate- \">\n\t\t\t<div class=\"title-inner\">\n\t\t\t\t<h1 class=\"title rs-split-text-enable split-in-left\" data-split-type=\"default\" data-duration=\"0.8\" data-delay=\"0.02\">Hakeller Temizlik Hakk\u0131m\u0131zda<\/h1>\n\t\t\t<\/div>\n\t\t\t\t\t<\/div>\n\t\t\t\t<\/div>\n\t\t\t\t<\/div>\n\t\t\t\t<div class=\"elementor-element elementor-element-117cea4 gsap-move-no rs-tween_max_btn-no elementor-widget elementor-widget-rs-breadcrumb\" data-id=\"117cea4\" data-element_type=\"widget\" data-e-type=\"widget\" data-widget_type=\"rs-breadcrumb.default\">\n\t\t\t\t<div class=\"elementor-widget-container\">\n\t\t\t\t\t                    <div class=\"breadcrumb-area style3\"> \n                <div class=\"breadcrumbs-inner\"> \n                    <span property=\"itemListElement\" typeof=\"ListItem\"><a property=\"item\" typeof=\"WebPage\" title=\"Go to Hakeller Temizlik.\" href=\"https:\/\/hakellertemizlik.com\" class=\"home\" aria-current=\"page\"><span property=\"name\">Hakeller Temizlik<\/span><\/a><meta property=\"position\" content=\"1\"><\/span>                <\/div>\n            <\/div> \n          \n    \t\t\t\t<\/div>\n\t\t\t\t<\/div>\n\t\t\t\t<\/div>\n\t\t<div class=\"no-position  elementor-element elementor-element-e4e2d3d e-con-full e-flex e-con e-child\" data-id=\"e4e2d3d\" data-element_type=\"container\" data-e-type=\"container\">\n\t\t\t\t<div class=\"elementor-element elementor-element-195d73a gsap-move-no rs-tween_max_btn-no elementor-widget elementor-widget-rs-image\" data-id=\"195d73a\" data-element_type=\"widget\" data-e-type=\"widget\" data-widget_type=\"rs-image.default\">\n\t\t\t\t<div class=\"elementor-widget-container\">\n\t\t\t\t\t\n        <div class=\"rs-image no ruler_image_no ruler_position_  \">\n                                                                                <div class=\"prallax-parent\">\n                            <img decoding=\"async\" data-depth=\"0.7\" class=\"rs-multi-image  reverse- blend_unset\" src=\"https:\/\/hakellertemizlik.com\/wp-content\/uploads\/2025\/12\/Mask-group1.png\" alt=\"Mask-group1\"\/>\n                        <\/div>\n\n                                    <\/div>   \n                    <script> \n                jQuery(document).ready(function($){\n                    $(\".prallax-parent\").each(function() {\n                        var prallaxParent = $(this).get(0);\n                        var parallaxInstance = new Parallax(prallaxParent);\n                    });\n                });\n            <\/script>\n          \n    \t\t\t\t<\/div>\n\t\t\t\t<\/div>\n\t\t\t\t<\/div>\n\t\t\t\t<\/div>\n\t\t\t\t<\/div>\n\t\t<div class=\"no-position  elementor-element elementor-element-e6ddaca e-flex e-con-boxed e-con e-parent\" data-id=\"e6ddaca\" data-element_type=\"container\" data-e-type=\"container\" data-settings=\"{&quot;background_background&quot;:&quot;classic&quot;}\">\n\t\t\t\t\t<div class=\"e-con-inner\">\n\t\t<div class=\"no-position  elementor-element elementor-element-2d7d0e2 e-con-full e-flex e-con e-child\" data-id=\"2d7d0e2\" data-element_type=\"container\" data-e-type=\"container\" data-settings=\"{&quot;background_background&quot;:&quot;classic&quot;}\">\n\t\t<div class=\"no-position  elementor-element elementor-element-c576e81 e-flex e-con-boxed e-con e-child\" data-id=\"c576e81\" data-element_type=\"container\" data-e-type=\"container\">\n\t\t\t\t\t<div class=\"e-con-inner\">\n\t\t<div class=\"no-position  elementor-element elementor-element-91c908f e-con-full e-flex e-con e-child\" data-id=\"91c908f\" data-element_type=\"container\" data-e-type=\"container\">\n\t\t\t\t<div class=\"elementor-element elementor-element-feaf3b5 gsap-move-no rs-tween_max_btn-no elementor-widget elementor-widget-rs-heading\" data-id=\"feaf3b5\" data-element_type=\"widget\" data-e-type=\"widget\" data-widget_type=\"rs-heading.default\">\n\t\t\t\t<div class=\"elementor-widget-container\">\n\t\t\t\t\t\n\t\t<div class=\"prelements-heading default   animate- \">\n\t\t\t<div class=\"title-inner\">\n\t\t\t\t<h2 class=\"title rs-split-text-enable split-in-left\" data-split-type=\"default\" data-duration=\"0.8\" data-delay=\"0.02\">Fabrika Temizlik Hizmeti<\/h2>\n\t\t\t<\/div>\n\t\t\t\t\t\t\t<div class=\"description\">\n\t\t\t\t\t<p>Hakeller Temizlik, \u00fcretim alanlar\u0131nda hijyen, d\u00fczen ve i\u015f g\u00fcvenli\u011fini \u00f6n planda tutan profesyonel fabrika temizli\u011fi hizmetleri sunmaktad\u0131r.<br \/>Fabrika, at\u00f6lye, \u00fcretim tesisi, depo ve sanayi alanlar\u0131nda ihtiya\u00e7 duyulan detayl\u0131 ve<br \/>periyodik temizlik i\u015flemlerini uzman ekiplerimizle titizlikle ger\u00e7ekle\u015ftiriyoruz.<\/p><p>Fabrikalarda biriken ya\u011f, toz, \u00fcretim at\u0131klar\u0131, kimyasal kal\u0131nt\u0131lar ve end\u00fcstriyel kirler,<br \/>hem \u00e7al\u0131\u015fan sa\u011fl\u0131\u011f\u0131n\u0131 hem de \u00fcretim kalitesini olumsuz etkiler. Hakeller Temizlik,<br \/>sekt\u00f6r\u00fcn\u00fcze ve \u00fcretim alan\u0131n\u0131za uygun end\u00fcstriyel temizlik ekipmanlar\u0131 ve<br \/>profesyonel temizlik \u00fcr\u00fcnleri kullanarak hijyen standartlar\u0131n\u0131 en \u00fcst seviyeye \u00e7\u0131kar\u0131r.<\/p>\t\t\t\t<\/div>\n\t\t\t\t\t<\/div>\n\t\t\t\t<\/div>\n\t\t\t\t<\/div>\n\t\t\t\t<\/div>\n\t\t<div class=\"no-position  elementor-element elementor-element-322042b e-con-full e-flex e-con e-child\" data-id=\"322042b\" data-element_type=\"container\" data-e-type=\"container\">\n\t\t\t\t<div class=\"elementor-element elementor-element-28a809c elementor-icon-list--layout-traditional elementor-list-item-link-full_width gsap-move-no rs-tween_max_btn-no elementor-widget elementor-widget-icon-list\" data-id=\"28a809c\" data-element_type=\"widget\" data-e-type=\"widget\" data-widget_type=\"icon-list.default\">\n\t\t\t\t\t\t\t<ul class=\"elementor-icon-list-items\">\n\t\t\t\t\t\t\t<li class=\"elementor-icon-list-item\">\n\t\t\t\t\t\t\t\t\t\t\t<span class=\"elementor-icon-list-icon\">\n\t\t\t\t\t\t\t<svg xmlns=\"http:\/\/www.w3.org\/2000\/svg\" width=\"20\" height=\"21\" viewBox=\"0 0 20 21\" fill=\"none\"><path d=\"M20 10.9727C20 16.4955 15.5228 20.9727 10 20.9727C4.47715 20.9727 0 16.4955 0 10.9727C0 5.44981 4.47715 0.972656 10 0.972656C15.5228 0.972656 20 5.44981 20 10.9727Z\" fill=\"#FFEFEF\"><\/path><path d=\"M14.2656 7.95703C14.5703 8.23828 14.5703 8.73047 14.2656 9.01172L8.26562 15.0117C7.98438 15.3164 7.49219 15.3164 7.21094 15.0117L4.21094 12.0117C3.90625 11.7305 3.90625 11.2383 4.21094 10.957C4.49219 10.6523 4.98438 10.6523 5.26562 10.957L7.72656 13.418L13.2109 7.95703C13.4922 7.65234 13.9844 7.65234 14.2656 7.95703Z\" fill=\"#F84D57\"><\/path><\/svg>\t\t\t\t\t\t<\/span>\n\t\t\t\t\t\t\t\t\t\t<span class=\"elementor-icon-list-text\">Profesyonel Temizlik<\/span>\n\t\t\t\t\t\t\t\t\t<\/li>\n\t\t\t\t\t\t\t\t<li class=\"elementor-icon-list-item\">\n\t\t\t\t\t\t\t\t\t\t\t<span class=\"elementor-icon-list-icon\">\n\t\t\t\t\t\t\t<svg xmlns=\"http:\/\/www.w3.org\/2000\/svg\" width=\"20\" height=\"21\" viewBox=\"0 0 20 21\" fill=\"none\"><path d=\"M20 10.9727C20 16.4955 15.5228 20.9727 10 20.9727C4.47715 20.9727 0 16.4955 0 10.9727C0 5.44981 4.47715 0.972656 10 0.972656C15.5228 0.972656 20 5.44981 20 10.9727Z\" fill=\"#FFEFEF\"><\/path><path d=\"M14.2656 7.95703C14.5703 8.23828 14.5703 8.73047 14.2656 9.01172L8.26562 15.0117C7.98438 15.3164 7.49219 15.3164 7.21094 15.0117L4.21094 12.0117C3.90625 11.7305 3.90625 11.2383 4.21094 10.957C4.49219 10.6523 4.98438 10.6523 5.26562 10.957L7.72656 13.418L13.2109 7.95703C13.4922 7.65234 13.9844 7.65234 14.2656 7.95703Z\" fill=\"#F84D57\"><\/path><\/svg>\t\t\t\t\t\t<\/span>\n\t\t\t\t\t\t\t\t\t\t<span class=\"elementor-icon-list-text\">Deneyimli Kadro<\/span>\n\t\t\t\t\t\t\t\t\t<\/li>\n\t\t\t\t\t\t\t\t<li class=\"elementor-icon-list-item\">\n\t\t\t\t\t\t\t\t\t\t\t<span class=\"elementor-icon-list-icon\">\n\t\t\t\t\t\t\t<svg xmlns=\"http:\/\/www.w3.org\/2000\/svg\" width=\"20\" height=\"21\" viewBox=\"0 0 20 21\" fill=\"none\"><path d=\"M20 10.9727C20 16.4955 15.5228 20.9727 10 20.9727C4.47715 20.9727 0 16.4955 0 10.9727C0 5.44981 4.47715 0.972656 10 0.972656C15.5228 0.972656 20 5.44981 20 10.9727Z\" fill=\"#FFEFEF\"><\/path><path d=\"M14.2656 7.95703C14.5703 8.23828 14.5703 8.73047 14.2656 9.01172L8.26562 15.0117C7.98438 15.3164 7.49219 15.3164 7.21094 15.0117L4.21094 12.0117C3.90625 11.7305 3.90625 11.2383 4.21094 10.957C4.49219 10.6523 4.98438 10.6523 5.26562 10.957L7.72656 13.418L13.2109 7.95703C13.4922 7.65234 13.9844 7.65234 14.2656 7.95703Z\" fill=\"#F84D57\"><\/path><\/svg>\t\t\t\t\t\t<\/span>\n\t\t\t\t\t\t\t\t\t\t<span class=\"elementor-icon-list-text\">Uygun Fiyat Garantisi<\/span>\n\t\t\t\t\t\t\t\t\t<\/li>\n\t\t\t\t\t\t<\/ul>\n\t\t\t\t\t\t<\/div>\n\t\t\t\t<div class=\"elementor-element elementor-element-7f2c58c elementor-icon-list--layout-traditional elementor-list-item-link-full_width gsap-move-no rs-tween_max_btn-no elementor-widget elementor-widget-icon-list\" data-id=\"7f2c58c\" data-element_type=\"widget\" data-e-type=\"widget\" data-widget_type=\"icon-list.default\">\n\t\t\t\t\t\t\t<ul class=\"elementor-icon-list-items\">\n\t\t\t\t\t\t\t<li class=\"elementor-icon-list-item\">\n\t\t\t\t\t\t\t\t\t\t\t<span class=\"elementor-icon-list-icon\">\n\t\t\t\t\t\t\t<svg xmlns=\"http:\/\/www.w3.org\/2000\/svg\" width=\"20\" height=\"21\" viewBox=\"0 0 20 21\" fill=\"none\"><path d=\"M20 10.9727C20 16.4955 15.5228 20.9727 10 20.9727C4.47715 20.9727 0 16.4955 0 10.9727C0 5.44981 4.47715 0.972656 10 0.972656C15.5228 0.972656 20 5.44981 20 10.9727Z\" fill=\"#FFEFEF\"><\/path><path d=\"M14.2656 7.95703C14.5703 8.23828 14.5703 8.73047 14.2656 9.01172L8.26562 15.0117C7.98438 15.3164 7.49219 15.3164 7.21094 15.0117L4.21094 12.0117C3.90625 11.7305 3.90625 11.2383 4.21094 10.957C4.49219 10.6523 4.98438 10.6523 5.26562 10.957L7.72656 13.418L13.2109 7.95703C13.4922 7.65234 13.9844 7.65234 14.2656 7.95703Z\" fill=\"#F84D57\"><\/path><\/svg>\t\t\t\t\t\t<\/span>\n\t\t\t\t\t\t\t\t\t\t<span class=\"elementor-icon-list-text\">H\u0131zl\u0131 ve Titiz \u00c7al\u0131\u015fma<\/span>\n\t\t\t\t\t\t\t\t\t<\/li>\n\t\t\t\t\t\t\t\t<li class=\"elementor-icon-list-item\">\n\t\t\t\t\t\t\t\t\t\t\t<span class=\"elementor-icon-list-icon\">\n\t\t\t\t\t\t\t<svg xmlns=\"http:\/\/www.w3.org\/2000\/svg\" width=\"20\" height=\"21\" viewBox=\"0 0 20 21\" fill=\"none\"><path d=\"M20 10.9727C20 16.4955 15.5228 20.9727 10 20.9727C4.47715 20.9727 0 16.4955 0 10.9727C0 5.44981 4.47715 0.972656 10 0.972656C15.5228 0.972656 20 5.44981 20 10.9727Z\" fill=\"#FFEFEF\"><\/path><path d=\"M14.2656 7.95703C14.5703 8.23828 14.5703 8.73047 14.2656 9.01172L8.26562 15.0117C7.98438 15.3164 7.49219 15.3164 7.21094 15.0117L4.21094 12.0117C3.90625 11.7305 3.90625 11.2383 4.21094 10.957C4.49219 10.6523 4.98438 10.6523 5.26562 10.957L7.72656 13.418L13.2109 7.95703C13.4922 7.65234 13.9844 7.65234 14.2656 7.95703Z\" fill=\"#F84D57\"><\/path><\/svg>\t\t\t\t\t\t<\/span>\n\t\t\t\t\t\t\t\t\t\t<span class=\"elementor-icon-list-text\">M\u00fc\u015fteri Memnuniyeti<\/span>\n\t\t\t\t\t\t\t\t\t<\/li>\n\t\t\t\t\t\t\t\t<li class=\"elementor-icon-list-item\">\n\t\t\t\t\t\t\t\t\t\t\t<span class=\"elementor-icon-list-icon\">\n\t\t\t\t\t\t\t<svg xmlns=\"http:\/\/www.w3.org\/2000\/svg\" width=\"20\" height=\"21\" viewBox=\"0 0 20 21\" fill=\"none\"><path d=\"M20 10.9727C20 16.4955 15.5228 20.9727 10 20.9727C4.47715 20.9727 0 16.4955 0 10.9727C0 5.44981 4.47715 0.972656 10 0.972656C15.5228 0.972656 20 5.44981 20 10.9727Z\" fill=\"#FFEFEF\"><\/path><path d=\"M14.2656 7.95703C14.5703 8.23828 14.5703 8.73047 14.2656 9.01172L8.26562 15.0117C7.98438 15.3164 7.49219 15.3164 7.21094 15.0117L4.21094 12.0117C3.90625 11.7305 3.90625 11.2383 4.21094 10.957C4.49219 10.6523 4.98438 10.6523 5.26562 10.957L7.72656 13.418L13.2109 7.95703C13.4922 7.65234 13.9844 7.65234 14.2656 7.95703Z\" fill=\"#F84D57\"><\/path><\/svg>\t\t\t\t\t\t<\/span>\n\t\t\t\t\t\t\t\t\t\t<span class=\"elementor-icon-list-text\">Kolay Rezervasyon<\/span>\n\t\t\t\t\t\t\t\t\t<\/li>\n\t\t\t\t\t\t<\/ul>\n\t\t\t\t\t\t<\/div>\n\t\t\t\t<\/div>\n\t\t\t\t\t<\/div>\n\t\t\t\t<\/div>\n\t\t<div class=\"no-position  elementor-element elementor-element-27764ee e-flex e-con-boxed e-con e-child\" data-id=\"27764ee\" data-element_type=\"container\" data-e-type=\"container\">\n\t\t\t\t\t<div class=\"e-con-inner\">\n\t\t<div class=\"no-position  elementor-element elementor-element-18a1da8 e-con-full e-flex e-con e-child\" data-id=\"18a1da8\" data-element_type=\"container\" data-e-type=\"container\">\n\t\t\t\t<div class=\"elementor-element elementor-element-b6b3471 gsap-move-no rs-tween_max_btn-no elementor-widget elementor-widget-rs-image\" data-id=\"b6b3471\" data-element_type=\"widget\" data-e-type=\"widget\" data-widget_type=\"rs-image.default\">\n\t\t\t\t<div class=\"elementor-widget-container\">\n\t\t\t\t\t\n        <div class=\"rs-image no ruler_image_no ruler_position_  \">\n                                                            <img decoding=\"async\" class=\"rs-multi-image  reverse- blend_unset\" src=\"https:\/\/hakellertemizlik.com\/wp-content\/uploads\/2025\/12\/4367.jpg\" alt=\"4367\"\/>\n                                                                        <\/div>   \n          \n    \t\t\t\t<\/div>\n\t\t\t\t<\/div>\n\t\t\t\t<\/div>\n\t\t<div class=\"no-position  elementor-element elementor-element-7269a3b e-con-full e-flex e-con e-child\" data-id=\"7269a3b\" data-element_type=\"container\" data-e-type=\"container\">\n\t\t\t\t<div class=\"elementor-element elementor-element-267461c gsap-move-no rs-tween_max_btn-no elementor-widget elementor-widget-rs-image\" data-id=\"267461c\" data-element_type=\"widget\" data-e-type=\"widget\" data-widget_type=\"rs-image.default\">\n\t\t\t\t<div class=\"elementor-widget-container\">\n\t\t\t\t\t\n        <div class=\"rs-image no ruler_image_no ruler_position_  \">\n                                                            <img decoding=\"async\" class=\"rs-multi-image  reverse- blend_unset\" src=\"https:\/\/hakellertemizlik.com\/wp-content\/uploads\/2025\/12\/44546.jpg\" alt=\"44546\"\/>\n                                                                        <\/div>   \n          \n    \t\t\t\t<\/div>\n\t\t\t\t<\/div>\n\t\t\t\t<\/div>\n\t\t<div class=\"no-position  elementor-element elementor-element-25b374e e-con-full e-flex e-con e-child\" data-id=\"25b374e\" data-element_type=\"container\" data-e-type=\"container\">\n\t\t\t\t<div class=\"elementor-element elementor-element-74da32e gsap-move-no rs-tween_max_btn-no elementor-widget elementor-widget-rs-image\" data-id=\"74da32e\" data-element_type=\"widget\" data-e-type=\"widget\" data-widget_type=\"rs-image.default\">\n\t\t\t\t<div class=\"elementor-widget-container\">\n\t\t\t\t\t\n        <div class=\"rs-image no ruler_image_no ruler_position_  \">\n                                                            <img decoding=\"async\" class=\"rs-multi-image  reverse- blend_unset\" src=\"https:\/\/hakellertemizlik.com\/wp-content\/uploads\/2025\/12\/77775.jpg\" alt=\"77775\"\/>\n                                                                        <\/div>   \n          \n    \t\t\t\t<\/div>\n\t\t\t\t<\/div>\n\t\t\t\t<\/div>\n\t\t\t\t\t<\/div>\n\t\t\t\t<\/div>\n\t\t<div class=\"no-position  elementor-element elementor-element-ec8d7b7 e-flex e-con-boxed e-con e-child\" data-id=\"ec8d7b7\" data-element_type=\"container\" data-e-type=\"container\">\n\t\t\t\t\t<div class=\"e-con-inner\">\n\t\t\t\t<div class=\"elementor-element elementor-element-b9c4784 elementor-widget__width-inherit gsap-move-no rs-tween_max_btn-no elementor-widget elementor-widget-rs-heading\" data-id=\"b9c4784\" data-element_type=\"widget\" data-e-type=\"widget\" data-widget_type=\"rs-heading.default\">\n\t\t\t\t<div class=\"elementor-widget-container\">\n\t\t\t\t\t\n\t\t<div class=\"prelements-heading default   animate- \">\n\t\t\t<div class=\"title-inner\">\n\t\t\t\t\t\t\t\t\t<span class=\"sub-text \">\n\t\t\t\t\t\tFabrika Temizli\u011fi Kapsam\u0131nda Sunulan Hizmetler\t\t\t\t\t<\/span>\n\t\t\t\t\n\t\t\t<\/div>\n\t\t\t\t\t\t\t<div class=\"description\">\n\t\t\t\t\t<p>\u2714\ufe0f \u00dcretim alan\u0131 ve makine \u00e7evresi temizli\u011fi<\/p><p>\u2714\ufe0f Zemin temizli\u011fi (epoksi, beton, fayans vb.)<\/p><p>\u2714\ufe0f Depo ve stok alan\u0131 temizli\u011fi<\/p><p>\u2714\ufe0f Ofis ve idari alan temizli\u011fi<\/p><p>\u2714\ufe0f Tuvalet, lavabo ve ortak kullan\u0131m alanlar\u0131 temizli\u011fi<\/p><p>\u2714\ufe0f Periyodik ve detayl\u0131 fabrika temizlik hizmetleri<\/p><p>\u00a0<\/p><p>Temizlik s\u00fcreci, \u00fcretimi aksatmayacak \u015fekilde planl\u0131 ve kontroll\u00fc olarak y\u00fcr\u00fct\u00fcl\u00fcr. \u0130\u015f sa\u011fl\u0131\u011f\u0131 ve g\u00fcvenli\u011fi kurallar\u0131na uygun \u00e7al\u0131\u015fan ekiplerimiz, fabrikan\u0131z\u0131n temizli\u011fini h\u0131zl\u0131, g\u00fcvenli ve etkili bir \u015fekilde tamamlar.<\/p><p>G\u00fcvenilir fabrika temizli\u011fi firmas\u0131 arayan i\u015fletmeler i\u00e7in Hakeller Temizlik, kaliteli hizmet anlay\u0131\u015f\u0131 ve deneyimli kadrosuyla do\u011fru \u00e7\u00f6z\u00fcmd\u00fcr. Daha temiz, daha sa\u011fl\u0131kl\u0131 ve verimli bir \u00e7al\u0131\u015fma ortam\u0131 i\u00e7in bizimle ileti\u015fime ge\u00e7ebilirsiniz.<\/p>\t\t\t\t<\/div>\n\t\t\t\t\t<\/div>\n\t\t\t\t<\/div>\n\t\t\t\t<\/div>\n\t\t\t\t\t<\/div>\n\t\t\t\t<\/div>\n\t\t\t\t<\/div>\n\t\t\t\t\t<\/div>\n\t\t\t\t<\/div>\n\t\t\t\t<\/div>\n\t\t","protected":false},"excerpt":{"rendered":"<p>Hakeller Temizlik Hakk\u0131m\u0131zda Hakeller Temizlik Fabrika Temizlik Hizmeti Hakeller Temizlik, \u00fcretim alanlar\u0131nda hijyen, d\u00fczen ve i\u015f g\u00fcvenli\u011fini \u00f6n planda tutan profesyonel fabrika temizli\u011fi hizmetleri sunmaktad\u0131r.Fabrika, at\u00f6lye, \u00fcretim tesisi, depo ve sanayi alanlar\u0131nda ihtiya\u00e7 duyulan detayl\u0131 veperiyodik temizlik i\u015flemlerini uzman ekiplerimizle titizlikle ger\u00e7ekle\u015ftiriyoruz. Fabrikalarda biriken ya\u011f, toz, \u00fcretim at\u0131klar\u0131, kimyasal kal\u0131nt\u0131lar ve end\u00fcstriyel kirler,hem \u00e7al\u0131\u015fan sa\u011fl\u0131\u011f\u0131n\u0131&#8230;<\/p>\n","protected":false},"author":1,"featured_media":0,"parent":0,"menu_order":0,"comment_status":"closed","ping_status":"closed","template":"elementor_header_footer","meta":{"footnotes":""},"class_list":["post-15089","page","type-page","status-publish","hentry"],"_links":{"self":[{"href":"https:\/\/hakellertemizlik.com\/index.php\/wp-json\/wp\/v2\/pages\/15089","targetHints":{"allow":["GET"]}}],"collection":[{"href":"https:\/\/hakellertemizlik.com\/index.php\/wp-json\/wp\/v2\/pages"}],"about":[{"href":"https:\/\/hakellertemizlik.com\/index.php\/wp-json\/wp\/v2\/types\/page"}],"author":[{"embeddable":true,"href":"https:\/\/hakellertemizlik.com\/index.php\/wp-json\/wp\/v2\/users\/1"}],"replies":[{"embeddable":true,"href":"https:\/\/hakellertemizlik.com\/index.php\/wp-json\/wp\/v2\/comments?post=15089"}],"version-history":[{"count":7,"href":"https:\/\/hakellertemizlik.com\/index.php\/wp-json\/wp\/v2\/pages\/15089\/revisions"}],"predecessor-version":[{"id":15220,"href":"https:\/\/hakellertemizlik.com\/index.php\/wp-json\/wp\/v2\/pages\/15089\/revisions\/15220"}],"wp:attachment":[{"href":"https:\/\/hakellertemizlik.com\/index.php\/wp-json\/wp\/v2\/media?parent=15089"}],"curies":[{"name":"wp","href":"https:\/\/api.w.org\/{rel}","templated":true}]}}